{"id":24692,"date":"2023-10-01T14:39:32","date_gmt":"2023-10-01T12:39:32","guid":{"rendered":"https:\/\/www.itm.nrw\/projects\/completed-projects\/zap-projekt\/"},"modified":"2023-10-01T14:39:32","modified_gmt":"2023-10-01T12:39:32","slug":"zap-projekt","status":"publish","type":"page","link":"https:\/\/www.itm.nrw\/en\/research\/projects\/completed-projects\/zap-projekt\/","title":{"rendered":"ZAP-Projekt"},"content":{"rendered":"<h1 class=\"page-title\">ZAP-Projekt<\/h1>\n<p>ZAP-Projekt: Dieses Projekt besch\u00e4ftigt sich mit der Darstellung juristischer Informationen in elektronischer Form. Ziel ist es, juristische Informationen auf EDV-Systemen so zu pr\u00e4sentieren, da\u00df auch Juristen ohne EDV-Kenntnisse leicht und effektiv die f\u00fcr sie relevanten Informationen finden. Neue Technologien wie das Internet und die M\u00f6glichkeiten des Electronic Commerce bilden einen Schwerpunkt.<\/p>\n","protected":false},"excerpt":{"rendered":"<p>ZAP-Projekt ZAP-Projekt: Dieses Projekt besch\u00e4ftigt sich mit der Darstellung juristischer Informationen in elektronischer Form. Ziel ist es, juristische Informationen auf EDV-Systemen so zu pr\u00e4sentieren, da\u00df auch Juristen ohne EDV-Kenntnisse leicht und effektiv die f\u00fcr sie relevanten Informationen finden. Neue Technologien wie das Internet und die M\u00f6glichkeiten des Electronic Commerce bilden einen Schwerpunkt.<\/p>\n","protected":false},"author":1,"featured_media":23694,"parent":24637,"menu_order":0,"comment_status":"closed","ping_status":"closed","template":"page-transparent-header-light.php","meta":{"_acf_changed":false,"footnotes":""},"class_list":["post-24692","page","type-page","status-publish","has-post-thumbnail","hentry"],"acf":[],"_links":{"self":[{"href":"https:\/\/www.itm.nrw\/en\/wp-json\/wp\/v2\/pages\/24692","targetHints":{"allow":["GET"]}}],"collection":[{"href":"https:\/\/www.itm.nrw\/en\/wp-json\/wp\/v2\/pages"}],"about":[{"href":"https:\/\/www.itm.nrw\/en\/wp-json\/wp\/v2\/types\/page"}],"author":[{"embeddable":true,"href":"https:\/\/www.itm.nrw\/en\/wp-json\/wp\/v2\/users\/1"}],"replies":[{"embeddable":true,"href":"https:\/\/www.itm.nrw\/en\/wp-json\/wp\/v2\/comments?post=24692"}],"version-history":[{"count":0,"href":"https:\/\/www.itm.nrw\/en\/wp-json\/wp\/v2\/pages\/24692\/revisions"}],"up":[{"embeddable":true,"href":"https:\/\/www.itm.nrw\/en\/wp-json\/wp\/v2\/pages\/24637"}],"wp:featuredmedia":[{"embeddable":true,"href":"https:\/\/www.itm.nrw\/en\/wp-json\/wp\/v2\/media\/23694"}],"wp:attachment":[{"href":"https:\/\/www.itm.nrw\/en\/wp-json\/wp\/v2\/media?parent=24692"}],"curies":[{"name":"wp","href":"https:\/\/api.w.org\/{rel}","templated":true}]}}