{"id":24691,"date":"2023-10-01T14:24:22","date_gmt":"2023-10-01T12:24:22","guid":{"rendered":"https:\/\/www.itm.nrw\/projects\/completed-projects\/verbraucherschutz-durch-mitentscheidung-bei-online-vertraegen\/"},"modified":"2023-10-01T14:24:22","modified_gmt":"2023-10-01T12:24:22","slug":"verbraucherschutz-durch-mitentscheidung-bei-online-vertraegen","status":"publish","type":"page","link":"https:\/\/www.itm.nrw\/en\/research\/projects\/completed-projects\/verbraucherschutz-durch-mitentscheidung-bei-online-vertraegen\/","title":{"rendered":"Verbraucherschutz durch Mitentscheidung bei Online-Vertr\u00e4gen"},"content":{"rendered":"<h1 class=\"page-title\">Verbraucherschutz durch Mitentscheidung bei Online-Vertr\u00e4gen<\/h1>\n<section class=\"entry-content clearfix\">Das Forschungsprojekt <a title=\"Verbraucherschutz\" href=\"https:\/\/www.wi.uni-muenster.de\/de\/institut\/gruppen\/security\/verbraucherschutz-durch-mitentscheidung-bei-online-vertraegen\">\u201eVerbraucherschutz durch Mitentscheidung bei Online-Vertr\u00e4gen\u201c<\/a> wird vom Kompetenzzentrum Verbraucherforschung NRW gef\u00f6rdert. Es findet in Kooperation mit Wirtschaftsinformatikern der Universit\u00e4t M\u00fcnster statt. Geleitet wird es von Prof. Dr. Franziska Boehm (ITM) und Prof. Dr. Rainer B\u00f6hme (Institut f\u00fcr Wirtschaftsinformatik). Wissenschaftliche Mitarbeiter des Projekts sind Ina Bruns und Sebastian Luhn.<\/p>\n<p>Das Projekt befasst sich mit dem Abschluss von Online-Vertr\u00e4gen durch Verbraucher und sucht nach technischen und rechtlichen M\u00f6glichkeiten, um die Stellung des Verbrauchers zu st\u00e4rken. Durch die Entwicklung einer speziellen Benutzeroberfl\u00e4che sollen Verbraucher die M\u00f6glichkeit erhalten, einzelne Klauseln zu \u00e4ndern und Teile daraus zu streichen und somit selbst Einfluss auf den Vertragsinhalt zu nehmen. Bislang verbreitete \u201eAlles-oder-Nichts\u201c-Entscheidungen sollen so vermieden werden. Der praktische Umgang mit diesen neuen technischen M\u00f6glichkeiten wird mithilfe von Testpersonen in Nutzerstudien erforscht. Das Projekt begann im April 2013 und endet im M\u00e4rz 2014.<\/p>\n<\/section>\n","protected":false},"excerpt":{"rendered":"<p>Verbraucherschutz durch Mitentscheidung bei Online-Vertr\u00e4gen Das Forschungsprojekt \u201eVerbraucherschutz durch Mitentscheidung bei Online-Vertr\u00e4gen\u201c wird vom Kompetenzzentrum Verbraucherforschung NRW gef\u00f6rdert. Es findet in Kooperation mit Wirtschaftsinformatikern der Universit\u00e4t M\u00fcnster statt. Geleitet wird es von Prof. Dr. Franziska Boehm (ITM) und Prof. Dr. Rainer B\u00f6hme (Institut f\u00fcr Wirtschaftsinformatik). Wissenschaftliche Mitarbeiter des Projekts sind Ina Bruns und Sebastian Luhn. [&#8230;]\n","protected":false},"author":1,"featured_media":23694,"parent":24637,"menu_order":0,"comment_status":"closed","ping_status":"closed","template":"page-transparent-header-light.php","meta":{"_acf_changed":false,"footnotes":""},"class_list":["post-24691","page","type-page","status-publish","has-post-thumbnail","hentry"],"acf":[],"_links":{"self":[{"href":"https:\/\/www.itm.nrw\/en\/wp-json\/wp\/v2\/pages\/24691","targetHints":{"allow":["GET"]}}],"collection":[{"href":"https:\/\/www.itm.nrw\/en\/wp-json\/wp\/v2\/pages"}],"about":[{"href":"https:\/\/www.itm.nrw\/en\/wp-json\/wp\/v2\/types\/page"}],"author":[{"embeddable":true,"href":"https:\/\/www.itm.nrw\/en\/wp-json\/wp\/v2\/users\/1"}],"replies":[{"embeddable":true,"href":"https:\/\/www.itm.nrw\/en\/wp-json\/wp\/v2\/comments?post=24691"}],"version-history":[{"count":0,"href":"https:\/\/www.itm.nrw\/en\/wp-json\/wp\/v2\/pages\/24691\/revisions"}],"up":[{"embeddable":true,"href":"https:\/\/www.itm.nrw\/en\/wp-json\/wp\/v2\/pages\/24637"}],"wp:featuredmedia":[{"embeddable":true,"href":"https:\/\/www.itm.nrw\/en\/wp-json\/wp\/v2\/media\/23694"}],"wp:attachment":[{"href":"https:\/\/www.itm.nrw\/en\/wp-json\/wp\/v2\/media?parent=24691"}],"curies":[{"name":"wp","href":"https:\/\/api.w.org\/{rel}","templated":true}]}}