{"id":24690,"date":"2023-10-01T14:37:24","date_gmt":"2023-10-01T12:37:24","guid":{"rendered":"https:\/\/www.itm.nrw\/projects\/completed-projects\/uni-goes-public\/"},"modified":"2023-10-01T14:37:24","modified_gmt":"2023-10-01T12:37:24","slug":"uni-goes-public","status":"publish","type":"page","link":"https:\/\/www.itm.nrw\/en\/research\/projects\/completed-projects\/uni-goes-public\/","title":{"rendered":"Uni Goes Public"},"content":{"rendered":"<h1 class=\"page-title\">Uni Goes Public<\/h1>\n<p>Uni Goes Public: Die diesj\u00e4hrigen UniKunstTage stehen im Zeichen der Feier zur 100j\u00e4hrigen Neugr\u00fcndung der Universit\u00e4t M\u00fcnster. Das Institut f\u00fcr Informations-, Telekommunikations- und Medienrecht \u00fcbernimmt dabei die Organisation des Programmes f\u00fcr die vom 4. bis 8. November stattfindenden Events.<\/p>\n","protected":false},"excerpt":{"rendered":"<p>Uni Goes Public Uni Goes Public: Die diesj\u00e4hrigen UniKunstTage stehen im Zeichen der Feier zur 100j\u00e4hrigen Neugr\u00fcndung der Universit\u00e4t M\u00fcnster. Das Institut f\u00fcr Informations-, Telekommunikations- und Medienrecht \u00fcbernimmt dabei die Organisation des Programmes f\u00fcr die vom 4. bis 8. November stattfindenden Events.<\/p>\n","protected":false},"author":1,"featured_media":23694,"parent":24637,"menu_order":0,"comment_status":"closed","ping_status":"closed","template":"page-transparent-header-light.php","meta":{"_acf_changed":false,"footnotes":""},"class_list":["post-24690","page","type-page","status-publish","has-post-thumbnail","hentry"],"acf":[],"_links":{"self":[{"href":"https:\/\/www.itm.nrw\/en\/wp-json\/wp\/v2\/pages\/24690","targetHints":{"allow":["GET"]}}],"collection":[{"href":"https:\/\/www.itm.nrw\/en\/wp-json\/wp\/v2\/pages"}],"about":[{"href":"https:\/\/www.itm.nrw\/en\/wp-json\/wp\/v2\/types\/page"}],"author":[{"embeddable":true,"href":"https:\/\/www.itm.nrw\/en\/wp-json\/wp\/v2\/users\/1"}],"replies":[{"embeddable":true,"href":"https:\/\/www.itm.nrw\/en\/wp-json\/wp\/v2\/comments?post=24690"}],"version-history":[{"count":0,"href":"https:\/\/www.itm.nrw\/en\/wp-json\/wp\/v2\/pages\/24690\/revisions"}],"up":[{"embeddable":true,"href":"https:\/\/www.itm.nrw\/en\/wp-json\/wp\/v2\/pages\/24637"}],"wp:featuredmedia":[{"embeddable":true,"href":"https:\/\/www.itm.nrw\/en\/wp-json\/wp\/v2\/media\/23694"}],"wp:attachment":[{"href":"https:\/\/www.itm.nrw\/en\/wp-json\/wp\/v2\/media?parent=24690"}],"curies":[{"name":"wp","href":"https:\/\/api.w.org\/{rel}","templated":true}]}}