{"id":24689,"date":"2023-10-01T14:38:22","date_gmt":"2023-10-01T12:38:22","guid":{"rendered":"https:\/\/www.itm.nrw\/projects\/completed-projects\/training-and-mobility-of-researchers\/"},"modified":"2023-10-01T14:38:22","modified_gmt":"2023-10-01T12:38:22","slug":"training-and-mobility-of-researchers","status":"publish","type":"page","link":"https:\/\/www.itm.nrw\/en\/research\/projects\/completed-projects\/training-and-mobility-of-researchers\/","title":{"rendered":"Training and Mobility of Researchers"},"content":{"rendered":"<h1 class=\"page-title\">Training and Mobility of Researchers<\/h1>\n<p>The Regulation of the Telecommunications Sector in the European Union: between Competition Law and Sector Specific Regulation:<\/p>\n<p>Das ITM ist Gastinstitut f\u00fcr ein im Rahmen eines Marie Curie Forschungsstipendiums der Europ\u00e4ischen Kommission (Programm \u201eTraining and Mobility of Researchers \u2013 TMR\u201c) von einem Gastwissenschaftler durchgef\u00fchrtes Forschungsprojekt \u00fcber die Beziehung zwischen sektorspezifischer Telekommunikationsregulierung und Kartellrecht. Da die meisten Mitgliedstaaten der EU den Telekommunikationssektor de iure zum 1. Januar 1998 liberalisiert haben, stellt sich in der Tat die Frage, ob nach diesem Datum noch ein sektorspezifisches Telekommunikationsrecht (insbes. die \u201eOpen Network Provision \u2013 ONP\u201c Regeln) welches den Markt organisiert notwendig ist, oder ob die reine Anwendung des Kartellrechts ausreicht, um eine bestm\u00f6gliche Entwicklung des Telekommunikationssektors im Interesse aller zu gew\u00e4hrleisten. In diesem Zusammenhang behandelt das Projekt Fragen wie die des Wesens der Regulierungsfunktion, der spezifischen Eigenschaften der Anwendung von sektorspezifischem Recht und von Kartellrecht auf den Telekommunikationssektor, der Regulierungsobjekte die auch weiterhin sektorspezifisches Telekommunikationsrecht ben\u00f6tigen werden, u.a.. \u00dcber die europ\u00e4ische Dimension hinaus werden ebenfalls die nationalen und globalen Ebenen in Betracht gezogen.<\/p>\n","protected":false},"excerpt":{"rendered":"<p>Training and Mobility of Researchers The Regulation of the Telecommunications Sector in the European Union: between Competition Law and Sector Specific Regulation: Das ITM ist Gastinstitut f\u00fcr ein im Rahmen eines Marie Curie Forschungsstipendiums der Europ\u00e4ischen Kommission (Programm \u201eTraining and Mobility of Researchers \u2013 TMR\u201c) von einem Gastwissenschaftler durchgef\u00fchrtes Forschungsprojekt \u00fcber die Beziehung zwischen sektorspezifischer [&#8230;]\n","protected":false},"author":1,"featured_media":23694,"parent":24637,"menu_order":0,"comment_status":"closed","ping_status":"closed","template":"page-transparent-header-light.php","meta":{"_acf_changed":false,"footnotes":""},"class_list":["post-24689","page","type-page","status-publish","has-post-thumbnail","hentry"],"acf":[],"_links":{"self":[{"href":"https:\/\/www.itm.nrw\/en\/wp-json\/wp\/v2\/pages\/24689","targetHints":{"allow":["GET"]}}],"collection":[{"href":"https:\/\/www.itm.nrw\/en\/wp-json\/wp\/v2\/pages"}],"about":[{"href":"https:\/\/www.itm.nrw\/en\/wp-json\/wp\/v2\/types\/page"}],"author":[{"embeddable":true,"href":"https:\/\/www.itm.nrw\/en\/wp-json\/wp\/v2\/users\/1"}],"replies":[{"embeddable":true,"href":"https:\/\/www.itm.nrw\/en\/wp-json\/wp\/v2\/comments?post=24689"}],"version-history":[{"count":0,"href":"https:\/\/www.itm.nrw\/en\/wp-json\/wp\/v2\/pages\/24689\/revisions"}],"up":[{"embeddable":true,"href":"https:\/\/www.itm.nrw\/en\/wp-json\/wp\/v2\/pages\/24637"}],"wp:featuredmedia":[{"embeddable":true,"href":"https:\/\/www.itm.nrw\/en\/wp-json\/wp\/v2\/media\/23694"}],"wp:attachment":[{"href":"https:\/\/www.itm.nrw\/en\/wp-json\/wp\/v2\/media?parent=24689"}],"curies":[{"name":"wp","href":"https:\/\/api.w.org\/{rel}","templated":true}]}}