{"id":24688,"date":"2023-10-01T14:27:43","date_gmt":"2023-10-01T12:27:43","guid":{"rendered":"https:\/\/www.itm.nrw\/projects\/completed-projects\/timbus\/"},"modified":"2023-12-21T12:35:54","modified_gmt":"2023-12-21T11:35:54","slug":"timbus","status":"publish","type":"page","link":"https:\/\/www.itm.nrw\/en\/research\/projects\/completed-projects\/timbus\/","title":{"rendered":"TIMBUS"},"content":{"rendered":"<h1><strong>TIMBUS (Digital Preservation for Timeless Business Processes and Services)\u00a0<\/strong><\/h1>\n<p>TIMBUS (Digital Preservation for Timeless Business Processes and Services) ist ein von der EU Kommission gef\u00f6rdertes interdisziplin\u00e4res Forschungsprojekt und Teil des siebten europ\u00e4ischen Rahmenprogramms f\u00fcr Forschung, Technologische Entwicklung und Demonstration (Framework Programme 7). Projektpartner sind Forschungsinstitute, NGOs sowie namhafte Unternehmen (Projektleitung SAP) aus Deutschland, Portugal, \u00d6sterreich, Irland und Gro\u00dfbritannien. Gegenw\u00e4rtig ist digitale Langzeitarchivierung vorwiegend auf die Speicherung von statischen Einzeldaten ausgerichtet. Zielsetzung von TIMBUS ist es, die Langzeitarchivierung auf laufende Unternehmensprozesse zu erstrecken. Dabei werden insbesondere die aus der Einbeziehung von externen Dienstleistern resultierenden Fragestellungen ber\u00fccksichtigt, wie sie sich beispielsweise in den Bereichen Cloud Computing, Software as a Service (SaaS) und Internet of Service (IoS) stellen. TIMBUS wird die Datenfilterungs- und Datenspeicherungsmuster f\u00fcr die Aktivit\u00e4ten und Mechanismen erforschen, die f\u00fcr den kontinuierlichen Zugang, Abruf und Absicherung von laufenden Gesch\u00e4ftsprozessen notwendig erscheinen. Im Zusammenhang mit dem Business Continuity Management wird ein Toolkit entwickelt. Dieses sogenannte Legalities Lifecycle Management wird eine innovative und umfassende rechtliche L\u00f6sung f\u00fcr die langfristige digitale Erhaltung von Gesch\u00e4ftsprozessen bieten und die n\u00e4chste Generation von Holistic Escrow Services etablieren. Das Projekt begann im April 2011 und erstreckt sich \u00fcber 45 Monate. Die w\u00e4hrend des Projekts erarbeiteten Forschungsergebnisse zur digitalen Langzeitarchivierung von Businessprozessen sind in Form des Buches \u201eLegal Aspects of Digital Preservation\u201c durch die Autoren Prof. Dr. Thomas Hoeren, Dr. Barbara Kolany-Raiser, Silviya Yankova, Martin Hecheltjen und Dr. Konstantin Hobel zusammengefasst worden.<br \/>\nDas Buch wurde von Edward Elgar Publishing Ltd. im Dezember 2013 ver\u00f6ffentlicht und ist auch als E-book erh\u00e4ltlich (<a href=\"http:\/\/www.elgaronline.com\/abstract\/9781782546658.xml\">http:\/\/www.elgaronline.com\/abstract\/9781782546658.xml<\/a>).<br \/>\nISBN-10: 1782546650, ISBN-13: 978-1782546658.<br \/>\nWeitere Informationen<\/p>\n<p><img loading=\"lazy\" decoding=\"async\" class=\"alignnone size-full wp-image-23787\" src=\"https:\/\/www.itm.nrw\/wp-content\/uploads\/2023\/10\/Bild-Buchcover-125x125-1.png\" alt=\"\" width=\"125\" height=\"125\" \/><\/p>\n<h2>Folgende Produkte wurden im TIMBUS Projekt entwickelt:<\/h2>\n<h3>Onlinetraining<\/h3>\n<section class=\"entry-content clearfix\">Um das Bewusstsein f\u00fcr Rechtsfragen zu st\u00e4rken, die mit digitaler Langzeitarchivierung einhergehen und um durch L\u00f6sungen zur Rechtssicherheit in diesem Bereich beizutragen, sind zu den wichtigsten Teilbereichen digitaler Langzeitarchivierung von uns am ITM sog. Online-Trainings entwickelt worden. Sie sollen einem jeden, der sich f\u00fcr digitale Langzeitarchivierung interessiert und damit zu tun hat, ein Einstieg in die rechtlichen Fragen, die unweigerlich mit der Archivierung verbunden sind, sein und dem Nutzer das hierzu n\u00f6tige Wissen vermitteln.Derzeit sind Online-Trainings zu den Themen \u201cIT-Contracting: License Agreements \u2013 Software Contracts between Software Producer and DP User\u201e, \u201cProtection of Databases and Digital Preservation\u201d, \u201cCopyright Protection of Software and Digital Preservation\u201c und \u201cSoftware Escrow\u201d auf unserer Homepage kostenlos abrufbar. Diese Themen sind \u2013 auf ihren rechtlichen Aspekt hin beleuchtet \u2013 die zentralen im Bereich der digitalen Langzeitarchivierung. In den Online-Trainings enthalten sind eine Darstellung des genauen Teilbereichs, darin auftauchende Rechtsfragen und jeweilige L\u00f6sungsm\u00f6glichkeiten.<\/p>\n<p><a href=\"https:\/\/creativecommons.org\/licenses\/by-nc-sa\/3.0\/de\/\">https:\/\/creativecommons.org\/licenses\/by-nc-sa\/3.0\/de\/<\/a><\/p>\n<\/section>\n<p>&nbsp;<\/p>\n<h3 class=\"page-title\">Legalities-Lifecycle-Management-Tool<\/h3>\n<p>Unser Legalities-Lifecycle-Management-Tool, kurz LLM-Tool, wurde im Verlauf des TIMBUS-Projekts entwickelt. Es handelt sich hierbei um einen online verf\u00fcgbaren Frage-Antwort-Test zum Thema digitale Langzeitarchivierung, der seine Benutzer in ihren Archivierungsvorhaben unterst\u00fctzt, indem er die zu erf\u00fcllenden rechtlichen Vorgaben darlegt.<\/p>\n<p>Mithilfe der f\u00fcr den Benutzer relevanten Fragen, wird der Benutzer Schritt f\u00fcr Schritt durch den ihn betreffenden Bereich der digitalen Langzeitarchivierung gef\u00fchrt. Dabei werden die zugrunde liegenden europa- und nationalrechtlichen Anforderungen als praxisnahe Fragen gestellt, die der Nutzer beachten sollte, um Rechtsverst\u00f6\u00dfe bei der Digitalisierung und Archivierung von vornherein zu vermeiden, aber auch ohne genaue Rechtskenntnis beantworten kann. Informationen, die zur Beantwortung der konkreten Frage erforderlich sind, werden dem Benutzer im n\u00f6tigen Umfang \u2013 und nicht dar\u00fcber hinaus \u2013 an der entscheidenden Stelle bereitgestellt. Trotzdem haben Nutzer dar\u00fcber hinaus Zugriff auf die zugrunde liegenden Richtlinien und Regelungen. \u00dcber die Funktion \u201eLegal Monitoring\u201c kann das selbstbearbeitete Archivierungsvorhaben gespeichert werden und der Nutzer wird im Falle f\u00fcr ihn relevanter Gesetzes\u00e4nderung benachrichtigt.<\/p>\n<p>Auf diese Weise, k\u00f6nnen bereichsspezifisch rechtliche Probleme von Anfang an vermieden werden. F\u00fcr den Benutzer sind nach wenigen Minuten und Klicks alle komplexen Rechtsfragen zu seinem konkreten Vorhaben gekl\u00e4rt.<\/p>\n<p>Das LLM-Tool ist damit ein Weg, rechtliche Probleme, die digitale Langzeitarchivierung mit sich bringt, auch f\u00fcr den juristischen Laien praxistauglich zu l\u00f6sen.<\/p>\n<p>Das LLM-Tool ist auf unserer Homepage und auf der TIMBUS-Website verf\u00fcgbar. Die Software ist als open source software frei erh\u00e4ltlich und die entwickelten Entscheidungsb\u00e4ume sind unter einer Creative-Commons-License ver\u00f6ffentlicht. Durch Herunterladen einer virtuellen Maschine kann es auf Ihrem Computer abgespielt werden.<\/p>\n<p><a href=\"http:\/\/176.9.132.85:8080\/limesurvey\/\"><strong>\u00a0Link zum Legalities-Lifecycle-Management-Tool\u00a0<\/strong><\/a><\/p>\n<p>Copyright (c) 2013, SQS Software Quality Systems AG, SAP AG (SAP), Westf\u00e4lische Wilhelms-Universit\u00e4t M\u00fcnster (ITM). The work has been developed in the TIMBUS Project and the above-mentioned are Members of the TIMBUS Consortium. TIMBUS is supported by the European Union under the 7th Framework Programme for research and technological development and demonstration activities (FP7\/2007-2013) under grant agreement no. 269940. Licensed under the Apache License, Version 2.0 (the \u201cLicense\u201c); you may not use this file except in compliance with the License. You may obtain a copy of the License at <a href=\"http:\/\/www.apache.org\/licenses\/LICENSE-2.0\">http:\/\/www.apache.org\/licenses\/LICENSE-2.0<\/a><\/p>\n<p>&nbsp;<\/p>\n<p>Content authors: Barbara Kolany-Raiser, Silviya Yankova, Martin Hecheltjen, Markus Andrees, Franziska Leinemann, Hauke G\u00e4rtner, Jonas V\u00f6lkel<\/p>\n<p><a href=\"https:\/\/creativecommons.org\/licenses\/by-nc-sa\/3.0\/de\/\">https:\/\/creativecommons.org\/licenses\/by-nc-sa\/3.0\/de\/<\/a><\/p>\n<p>&nbsp;<\/p>\n<h3 class=\"page-title\">Digital Preservation Legal Ontology<\/h3>\n<p>Zur Vereinfachung und Veranschaulichung der komplexen rechtlichen Anforderungen an digitale Langzeitarchivierung, hat das ITM gemeinsam mit dem Instituto de Engenharia de Sistemas e Computadores Investiga\u00e7\u00e3o e Desenvolvimento em Lisboa (INESC-ID) und dem Karlsruher Institut f\u00fcr Technology (KIT) eine <em>Legal Ontology f\u00fcr digitale Langzeitarchivierung<\/em> entwickelt. Schaubildartig werden hierbei die rechtlichen Zusammenh\u00e4nge der f\u00fcr die Langzeitarchivierung relevanten Konzepte visualisiert. Anhand diverser untersuchter F\u00e4lle haben unsere Projektpartner die technischen Strukturen, die mit der Langzeitarchivierung zusammenh\u00e4ngen, identifiziert und wir haben \u2013 als alleiniger Partner f\u00fcr Rechtsfragen \u2013 \u00fcberpr\u00fcft, inwieweit diese mit rechtlichen Anforderungen in Einklang zu bringen sind. In unsere <em>C-Map<\/em> werden die rechtlichen Konzepte und ihre Verbindung dargestellt, die f\u00fcr die digitale Langzeitarchivierung wichtig sind. Dies erm\u00f6glicht dem Betrachter einen vereinfachten \u00dcberblick zu gewinnen. Nicht zuletzt tr\u00e4gt die C-Map zur Schaffung von Rechtssicherheit bei, indem sie auf den rechtlichen Kontext von Archivierungsvorhaben aufmerksam macht. Als Teil der von uns entwickelten Ontology ist die C-Map auf dieser Homepage abrufbar.<\/p>\n<p>Autoren:Silviya Yankova, Barbara Kolany-Raiser<\/p>\n<p><a href=\"https:\/\/creativecommons.org\/licenses\/by-nc-sa\/3.0\/de\/\">https:\/\/creativecommons.org\/licenses\/by-nc-sa\/3.0\/de\/<\/a><\/p>\n<p><img loading=\"lazy\" decoding=\"async\" class=\"alignnone size-full wp-image-23791\" src=\"https:\/\/www.itm.nrw\/wp-content\/uploads\/2023\/10\/CMAP-final-version.png\" alt=\"\" width=\"922\" height=\"765\" srcset=\"https:\/\/www.itm.nrw\/wp-content\/uploads\/2023\/10\/CMAP-final-version.png 922w, https:\/\/www.itm.nrw\/wp-content\/uploads\/2023\/10\/CMAP-final-version-300x249.png 300w, https:\/\/www.itm.nrw\/wp-content\/uploads\/2023\/10\/CMAP-final-version-768x637.png 768w\" sizes=\"auto, (max-width: 922px) 100vw, 922px\" \/><\/p>\n","protected":false},"excerpt":{"rendered":"<p>TIMBUS (Digital Preservation for Timeless Business Processes and Services)\u00a0 TIMBUS (Digital Preservation for Timeless Business Processes and Services) ist ein von der EU Kommission gef\u00f6rdertes interdisziplin\u00e4res Forschungsprojekt und Teil des siebten europ\u00e4ischen Rahmenprogramms f\u00fcr Forschung, Technologische Entwicklung und Demonstration (Framework Programme 7). Projektpartner sind Forschungsinstitute, NGOs sowie namhafte Unternehmen (Projektleitung SAP) aus Deutschland, Portugal, \u00d6sterreich, [&#8230;]\n","protected":false},"author":1,"featured_media":23694,"parent":24637,"menu_order":0,"comment_status":"closed","ping_status":"closed","template":"page-transparent-header-light.php","meta":{"_acf_changed":false,"footnotes":""},"class_list":["post-24688","page","type-page","status-publish","has-post-thumbnail","hentry"],"acf":[],"_links":{"self":[{"href":"https:\/\/www.itm.nrw\/en\/wp-json\/wp\/v2\/pages\/24688","targetHints":{"allow":["GET"]}}],"collection":[{"href":"https:\/\/www.itm.nrw\/en\/wp-json\/wp\/v2\/pages"}],"about":[{"href":"https:\/\/www.itm.nrw\/en\/wp-json\/wp\/v2\/types\/page"}],"author":[{"embeddable":true,"href":"https:\/\/www.itm.nrw\/en\/wp-json\/wp\/v2\/users\/1"}],"replies":[{"embeddable":true,"href":"https:\/\/www.itm.nrw\/en\/wp-json\/wp\/v2\/comments?post=24688"}],"version-history":[{"count":5,"href":"https:\/\/www.itm.nrw\/en\/wp-json\/wp\/v2\/pages\/24688\/revisions"}],"predecessor-version":[{"id":26376,"href":"https:\/\/www.itm.nrw\/en\/wp-json\/wp\/v2\/pages\/24688\/revisions\/26376"}],"up":[{"embeddable":true,"href":"https:\/\/www.itm.nrw\/en\/wp-json\/wp\/v2\/pages\/24637"}],"wp:featuredmedia":[{"embeddable":true,"href":"https:\/\/www.itm.nrw\/en\/wp-json\/wp\/v2\/media\/23694"}],"wp:attachment":[{"href":"https:\/\/www.itm.nrw\/en\/wp-json\/wp\/v2\/media?parent=24688"}],"curies":[{"name":"wp","href":"https:\/\/api.w.org\/{rel}","templated":true}]}}