{"id":24686,"date":"2023-10-01T14:30:19","date_gmt":"2023-10-01T12:30:19","guid":{"rendered":"https:\/\/www.itm.nrw\/projects\/completed-projects\/monika\/"},"modified":"2023-10-01T14:30:19","modified_gmt":"2023-10-01T12:30:19","slug":"monika","status":"publish","type":"page","link":"https:\/\/www.itm.nrw\/en\/research\/projects\/completed-projects\/monika\/","title":{"rendered":"MonIKA"},"content":{"rendered":"<h1>MonIKA<\/h1>\n<p>Das Projekt MonIKA (Monitoring durch Informationsfusion und Klassifikation zur Anomalieerkennung) ist ein vom Bundesministerium f\u00fcr Bildung und Forschung gef\u00f6rdertes Projekt. Es findet in enger Zusammenarbeit mit Verbundpartnern aus Wissenschaft und Industrie statt. Diese sind das Fraunhofer-Institut FKIE, das Unabh\u00e4ngige Landeszentrum f\u00fcr Datenschutz Schleswig-Holstein sowie das EADS-Unternehmen Cassidian. Zielsetzung von MonIKA ist die Entwicklung und Etablierung neuer effektiver Verfahren der Informationsfusion und Klassifikation zur Erkennung jeglicher Formen von Anomalien in Internet-Infrastrukturen unter Ber\u00fccksichtigung von rechtlichen Rahmenbedingungen und Datenschutzaspekten. Aufgrund der globalen Relevanz des Internet im privaten und gesch\u00e4ftlichen Bereich sowie der sich stetig versch\u00e4rfenden Sicherheitslage ist dieses Ziel von hoher gesellschaftlicher Relevanz. Verfahren zur \u00dcberpr\u00fcfung und Sicherung von IT-Systemen sind bisher auf abgeschlossene Systeme begrenzt, sollen jedoch auf Systeme ausgeweitet werden, die mehrere administrative Dom\u00e4nen \u00fcberspannen. Hierdurch soll es m\u00f6glich werden, auf Wissen und Beobachtung aus fremden Systemen zur\u00fcckzugreifen, sodass f\u00fcr alle Teilnehmer ein verbessertes IT-Sicherheits-Lagebild entsteht. Das Projekt begann im M\u00e4rz 2012 und erstreckt sich \u00fcber 24 Monate.<\/p>\n","protected":false},"excerpt":{"rendered":"<p>MonIKA Das Projekt MonIKA (Monitoring durch Informationsfusion und Klassifikation zur Anomalieerkennung) ist ein vom Bundesministerium f\u00fcr Bildung und Forschung gef\u00f6rdertes Projekt. Es findet in enger Zusammenarbeit mit Verbundpartnern aus Wissenschaft und Industrie statt. Diese sind das Fraunhofer-Institut FKIE, das Unabh\u00e4ngige Landeszentrum f\u00fcr Datenschutz Schleswig-Holstein sowie das EADS-Unternehmen Cassidian. Zielsetzung von MonIKA ist die Entwicklung und [&#8230;]\n","protected":false},"author":1,"featured_media":23694,"parent":24637,"menu_order":0,"comment_status":"closed","ping_status":"closed","template":"page-transparent-header-light.php","meta":{"_acf_changed":false,"footnotes":""},"class_list":["post-24686","page","type-page","status-publish","has-post-thumbnail","hentry"],"acf":[],"_links":{"self":[{"href":"https:\/\/www.itm.nrw\/en\/wp-json\/wp\/v2\/pages\/24686","targetHints":{"allow":["GET"]}}],"collection":[{"href":"https:\/\/www.itm.nrw\/en\/wp-json\/wp\/v2\/pages"}],"about":[{"href":"https:\/\/www.itm.nrw\/en\/wp-json\/wp\/v2\/types\/page"}],"author":[{"embeddable":true,"href":"https:\/\/www.itm.nrw\/en\/wp-json\/wp\/v2\/users\/1"}],"replies":[{"embeddable":true,"href":"https:\/\/www.itm.nrw\/en\/wp-json\/wp\/v2\/comments?post=24686"}],"version-history":[{"count":0,"href":"https:\/\/www.itm.nrw\/en\/wp-json\/wp\/v2\/pages\/24686\/revisions"}],"up":[{"embeddable":true,"href":"https:\/\/www.itm.nrw\/en\/wp-json\/wp\/v2\/pages\/24637"}],"wp:featuredmedia":[{"embeddable":true,"href":"https:\/\/www.itm.nrw\/en\/wp-json\/wp\/v2\/media\/23694"}],"wp:attachment":[{"href":"https:\/\/www.itm.nrw\/en\/wp-json\/wp\/v2\/media?parent=24686"}],"curies":[{"name":"wp","href":"https:\/\/api.w.org\/{rel}","templated":true}]}}