{"id":24683,"date":"2023-10-01T14:32:15","date_gmt":"2023-10-01T12:32:15","guid":{"rendered":"https:\/\/www.itm.nrw\/projects\/completed-projects\/law-ict-shared-virtual-campus\/"},"modified":"2023-10-01T14:32:15","modified_gmt":"2023-10-01T12:32:15","slug":"law-ict-shared-virtual-campus","status":"publish","type":"page","link":"https:\/\/www.itm.nrw\/en\/research\/projects\/completed-projects\/law-ict-shared-virtual-campus\/","title":{"rendered":"Law &#038; ICT Shared Virtual Campus"},"content":{"rendered":"<h1 class=\"page-title\">Law &amp; ICT Shared Virtual Campus<\/h1>\n<section class=\"entry-content clearfix\">Das ITM beteiligte sich als Projektpartner am Projekt Law&amp;ICT Shared Virtual Campus des LEFIS networks. Ziel des Projektes war die Erstellung eines onlinebasierten Kursangebots, das fortan den Erwerb verschiedener Abschl\u00fcsse erm\u00f6glicht.<br \/>\nDie Leitung oblag der Universit\u00e4t von Zaragoza.<\/p>\n<p>Im Rahmen dieses Projektes stehen nun mehrere onlinebasierte Kurse der Partner zur Verf\u00fcgung, die die verschiedenen Aspekte und Bereiche des Informations- und Telekommunikationsrechts behandeln.<\/p>\n<p>Im Mai 2009 durfte das ITM die Projektpartner in M\u00fcnster zu einer gemeinsamen Konferenz begr\u00fc\u00dfen. Im Rahmen dieser Veranstaltung wurden die bisherigen Ergebnisse vorgestellt. Das ITM entwickelte einen englischsprachigen Kurs zum ,,Information Law\u2018\u2018, der seit Oktober 2008 online zug\u00e4nglich ist. Des Weiteren kann seit Februar 2009 auf einen deutschsprachigen Kurs zum ,,Gewerblichen Rechtsschutz\u2018\u2018 zugegriffen werden, der ebenfalls durch das ITM realisiert wurde.<\/p>\n<p>Durch das Projekt ist es Studierenden u.a. auch m\u00f6glich, die LEFIS digital library zu nutzen, welche ein umfangreiches Rechercheangebot bereith\u00e4lt. Zudem st\u00e4rkte das Projekt die l\u00e4nder\u00fcbergreifende Zusammenarbeit der Partner im Hinblick auf Austauschangebote f\u00fcr die Studierenden (z.B. ERASMUS).<\/p>\n<p>Weitere Informationen erhalten Sie auf der <a href=\"http:\/\/courses.lefis.unizar.es\/\" target=\"_blank\" rel=\"noopener\">offiziellen Projekthomepage<\/a>.<\/p>\n<\/section>\n","protected":false},"excerpt":{"rendered":"<p>Law &amp; ICT Shared Virtual Campus Das ITM beteiligte sich als Projektpartner am Projekt Law&amp;ICT Shared Virtual Campus des LEFIS networks. Ziel des Projektes war die Erstellung eines onlinebasierten Kursangebots, das fortan den Erwerb verschiedener Abschl\u00fcsse erm\u00f6glicht. Die Leitung oblag der Universit\u00e4t von Zaragoza. Im Rahmen dieses Projektes stehen nun mehrere onlinebasierte Kurse der Partner [&#8230;]\n","protected":false},"author":1,"featured_media":23694,"parent":24637,"menu_order":0,"comment_status":"closed","ping_status":"closed","template":"page-transparent-header-light.php","meta":{"_acf_changed":false,"footnotes":""},"class_list":["post-24683","page","type-page","status-publish","has-post-thumbnail","hentry"],"acf":[],"_links":{"self":[{"href":"https:\/\/www.itm.nrw\/en\/wp-json\/wp\/v2\/pages\/24683","targetHints":{"allow":["GET"]}}],"collection":[{"href":"https:\/\/www.itm.nrw\/en\/wp-json\/wp\/v2\/pages"}],"about":[{"href":"https:\/\/www.itm.nrw\/en\/wp-json\/wp\/v2\/types\/page"}],"author":[{"embeddable":true,"href":"https:\/\/www.itm.nrw\/en\/wp-json\/wp\/v2\/users\/1"}],"replies":[{"embeddable":true,"href":"https:\/\/www.itm.nrw\/en\/wp-json\/wp\/v2\/comments?post=24683"}],"version-history":[{"count":0,"href":"https:\/\/www.itm.nrw\/en\/wp-json\/wp\/v2\/pages\/24683\/revisions"}],"up":[{"embeddable":true,"href":"https:\/\/www.itm.nrw\/en\/wp-json\/wp\/v2\/pages\/24637"}],"wp:featuredmedia":[{"embeddable":true,"href":"https:\/\/www.itm.nrw\/en\/wp-json\/wp\/v2\/media\/23694"}],"wp:attachment":[{"href":"https:\/\/www.itm.nrw\/en\/wp-json\/wp\/v2\/media?parent=24683"}],"curies":[{"name":"wp","href":"https:\/\/api.w.org\/{rel}","templated":true}]}}