{"id":24682,"date":"2023-10-01T14:31:44","date_gmt":"2023-10-01T12:31:44","guid":{"rendered":"https:\/\/www.itm.nrw\/projects\/completed-projects\/lapsi\/"},"modified":"2023-12-21T12:35:55","modified_gmt":"2023-12-21T11:35:55","slug":"lapsi","status":"publish","type":"page","link":"https:\/\/www.itm.nrw\/en\/research\/projects\/completed-projects\/lapsi\/","title":{"rendered":"LAPSI"},"content":{"rendered":"<h1 class=\"page-title\">LAPSI<\/h1>\n<p>Das Projekt LAPSI (Legal Aspects of Public Sector Information) ist ein von der EU Kommission gef\u00f6rdertes Forschungsprojekt, das sich mit den rechtlichen Problemstellungen der Informationen des \u00f6ffentlichen Sektors (Public Sector Information) auseinandersetzt. An dem Projekt sind 20 Partner aus 13 L\u00e4ndern der Europ\u00e4ischen Union beteiligt. LAPSI hat zum Ziel ein Netzwerk zu bilden, das es erm\u00f6glicht, die aktuellen rechtlichen Probleme der Informationen des \u00f6ffentlichen Sektors zu diskutieren und Gesetzgebungsanst\u00f6\u00dfe zu geben, um den Zugang und die Weiterverarbeitung von Informationen des \u00f6ffentlichen Sektors in der digitalen Umgebung vollumf\u00e4nglich zu gew\u00e4hrleisten. Das Netz soll der Hauptbezugspunkt bei Fragestellungen zu Informationen des \u00f6ffentlichen Sektors in Europa werden. Das Projekt erstreckt sich \u00fcber 30 Monate.<\/p>\n<p>Weitere Informationen<\/p>\n","protected":false},"excerpt":{"rendered":"<p>LAPSI Das Projekt LAPSI (Legal Aspects of Public Sector Information) ist ein von der EU Kommission gef\u00f6rdertes Forschungsprojekt, das sich mit den rechtlichen Problemstellungen der Informationen des \u00f6ffentlichen Sektors (Public Sector Information) auseinandersetzt. An dem Projekt sind 20 Partner aus 13 L\u00e4ndern der Europ\u00e4ischen Union beteiligt. LAPSI hat zum Ziel ein Netzwerk zu bilden, das [&#8230;]\n","protected":false},"author":1,"featured_media":23694,"parent":24637,"menu_order":0,"comment_status":"closed","ping_status":"closed","template":"page-transparent-header-light.php","meta":{"_acf_changed":false,"footnotes":""},"class_list":["post-24682","page","type-page","status-publish","has-post-thumbnail","hentry"],"acf":[],"_links":{"self":[{"href":"https:\/\/www.itm.nrw\/en\/wp-json\/wp\/v2\/pages\/24682","targetHints":{"allow":["GET"]}}],"collection":[{"href":"https:\/\/www.itm.nrw\/en\/wp-json\/wp\/v2\/pages"}],"about":[{"href":"https:\/\/www.itm.nrw\/en\/wp-json\/wp\/v2\/types\/page"}],"author":[{"embeddable":true,"href":"https:\/\/www.itm.nrw\/en\/wp-json\/wp\/v2\/users\/1"}],"replies":[{"embeddable":true,"href":"https:\/\/www.itm.nrw\/en\/wp-json\/wp\/v2\/comments?post=24682"}],"version-history":[{"count":1,"href":"https:\/\/www.itm.nrw\/en\/wp-json\/wp\/v2\/pages\/24682\/revisions"}],"predecessor-version":[{"id":26378,"href":"https:\/\/www.itm.nrw\/en\/wp-json\/wp\/v2\/pages\/24682\/revisions\/26378"}],"up":[{"embeddable":true,"href":"https:\/\/www.itm.nrw\/en\/wp-json\/wp\/v2\/pages\/24637"}],"wp:featuredmedia":[{"embeddable":true,"href":"https:\/\/www.itm.nrw\/en\/wp-json\/wp\/v2\/media\/23694"}],"wp:attachment":[{"href":"https:\/\/www.itm.nrw\/en\/wp-json\/wp\/v2\/media?parent=24682"}],"curies":[{"name":"wp","href":"https:\/\/api.w.org\/{rel}","templated":true}]}}