{"id":24681,"date":"2023-10-01T14:38:01","date_gmt":"2023-10-01T12:38:01","guid":{"rendered":"https:\/\/www.itm.nrw\/projects\/completed-projects\/kartellrecht\/"},"modified":"2023-10-01T14:38:01","modified_gmt":"2023-10-01T12:38:01","slug":"kartellrecht","status":"publish","type":"page","link":"https:\/\/www.itm.nrw\/en\/research\/projects\/completed-projects\/kartellrecht\/","title":{"rendered":"Kartellrecht"},"content":{"rendered":"<h1 class=\"page-title\">Kartellrecht<\/h1>\n<p>An der Schnittstelle zwischen Kartellrecht, Europarecht und Rechtsgeschichte werden Materialien zur Geschichte des europ\u00e4ischen Kartellrechts gesammelt und in ihren Zusammenh\u00e4ngen dargestellt. Ziel ist es, diese historische Hilfe zum Verst\u00e4ndnis der kartellrechtlichen Vorschriften des EG-Vertrages nutzbar zu machen.<\/p>\n","protected":false},"excerpt":{"rendered":"<p>Kartellrecht An der Schnittstelle zwischen Kartellrecht, Europarecht und Rechtsgeschichte werden Materialien zur Geschichte des europ\u00e4ischen Kartellrechts gesammelt und in ihren Zusammenh\u00e4ngen dargestellt. Ziel ist es, diese historische Hilfe zum Verst\u00e4ndnis der kartellrechtlichen Vorschriften des EG-Vertrages nutzbar zu machen.<\/p>\n","protected":false},"author":1,"featured_media":23694,"parent":24637,"menu_order":0,"comment_status":"closed","ping_status":"closed","template":"page-transparent-header-light.php","meta":{"_acf_changed":false,"footnotes":""},"class_list":["post-24681","page","type-page","status-publish","has-post-thumbnail","hentry"],"acf":[],"_links":{"self":[{"href":"https:\/\/www.itm.nrw\/en\/wp-json\/wp\/v2\/pages\/24681","targetHints":{"allow":["GET"]}}],"collection":[{"href":"https:\/\/www.itm.nrw\/en\/wp-json\/wp\/v2\/pages"}],"about":[{"href":"https:\/\/www.itm.nrw\/en\/wp-json\/wp\/v2\/types\/page"}],"author":[{"embeddable":true,"href":"https:\/\/www.itm.nrw\/en\/wp-json\/wp\/v2\/users\/1"}],"replies":[{"embeddable":true,"href":"https:\/\/www.itm.nrw\/en\/wp-json\/wp\/v2\/comments?post=24681"}],"version-history":[{"count":0,"href":"https:\/\/www.itm.nrw\/en\/wp-json\/wp\/v2\/pages\/24681\/revisions"}],"up":[{"embeddable":true,"href":"https:\/\/www.itm.nrw\/en\/wp-json\/wp\/v2\/pages\/24637"}],"wp:featuredmedia":[{"embeddable":true,"href":"https:\/\/www.itm.nrw\/en\/wp-json\/wp\/v2\/media\/23694"}],"wp:attachment":[{"href":"https:\/\/www.itm.nrw\/en\/wp-json\/wp\/v2\/media?parent=24681"}],"curies":[{"name":"wp","href":"https:\/\/api.w.org\/{rel}","templated":true}]}}