{"id":24679,"date":"2023-10-01T14:36:02","date_gmt":"2023-10-01T12:36:02","guid":{"rendered":"https:\/\/www.itm.nrw\/projects\/completed-projects\/ipr-helpdesk\/"},"modified":"2023-10-01T14:36:02","modified_gmt":"2023-10-01T12:36:02","slug":"ipr-helpdesk","status":"publish","type":"page","link":"https:\/\/www.itm.nrw\/en\/research\/projects\/completed-projects\/ipr-helpdesk\/","title":{"rendered":"IPR-Helpdesk"},"content":{"rendered":"<h1 class=\"page-title\">IPR-Helpdesk<\/h1>\n<p>Das IPR-Helpdesk (IPR-HD) ist ein europ\u00e4ischer Verbund von mehreren Forschungseinrichtungen, Kanzleien und Beratungsfirmen. Ziel dieses Netzwerkes ist es, die Nutzung und Verwertung von Immaterialg\u00fcterrechten wie Urheberrechte, Patentrechte, Markenrechte, etc. durch kleine und mittlere Unternehmen (KMUs) und durch Forschungseinrichtung besonders im europ\u00e4ischen Rahmen zu unterst\u00fctzen und zu f\u00f6rdern und diesen Einrichtungen Hilfestellung bei der Ermittlung von Beratungsstellen f\u00fcr Anmeldung, Schutz und Nutzung ihrer Immaterialg\u00fcterrechte zu bieten. Zur Erreichung dieser Ziele werden verschiedenste Instrumente eingesetzt (Website, Newsletter, CD-ROM, Helpline, Seminare, Workshops, etc.).<br \/>\nDie Leitung des von der Kommission der EU gef\u00f6rderten Projektes liegt bei der Universidad de Alicante (Spanien) und der Global Europe Consulting Group (Br\u00fcssel). Das Institut f\u00fcr Informations-, Telekommunikations- und Medienrecht (ITM, Prof. Dr. Thomas Hoeren) \u00fcbernimmt dabei die Rolle des content providers f\u00fcr den deutschsprachigen Raum. Die Partner im wissenschaftlichen Bereich sind weiterhin das Centre de Recherches Informatique et Droit (CRID) in Namur (Belgien), das Institut f\u00fcr Gewerblichen Rechtsschutz der Universidad de Alicante (Spanien) und das Centre for Commercial Law Studies in London (Gro\u00dfbritannien).<\/p>\n<p>IPR-Helpdesk: <a href=\"http:\/\/www.ipr-helpdesk.org\/\" target=\"_blank\" rel=\"noopener\">http:\/\/www.ipr-helpdesk.org\/ <\/a><\/p>\n","protected":false},"excerpt":{"rendered":"<p>IPR-Helpdesk Das IPR-Helpdesk (IPR-HD) ist ein europ\u00e4ischer Verbund von mehreren Forschungseinrichtungen, Kanzleien und Beratungsfirmen. Ziel dieses Netzwerkes ist es, die Nutzung und Verwertung von Immaterialg\u00fcterrechten wie Urheberrechte, Patentrechte, Markenrechte, etc. durch kleine und mittlere Unternehmen (KMUs) und durch Forschungseinrichtung besonders im europ\u00e4ischen Rahmen zu unterst\u00fctzen und zu f\u00f6rdern und diesen Einrichtungen Hilfestellung bei der Ermittlung [&#8230;]\n","protected":false},"author":1,"featured_media":23694,"parent":24637,"menu_order":0,"comment_status":"closed","ping_status":"closed","template":"page-transparent-header-light.php","meta":{"_acf_changed":false,"footnotes":""},"class_list":["post-24679","page","type-page","status-publish","has-post-thumbnail","hentry"],"acf":[],"_links":{"self":[{"href":"https:\/\/www.itm.nrw\/en\/wp-json\/wp\/v2\/pages\/24679","targetHints":{"allow":["GET"]}}],"collection":[{"href":"https:\/\/www.itm.nrw\/en\/wp-json\/wp\/v2\/pages"}],"about":[{"href":"https:\/\/www.itm.nrw\/en\/wp-json\/wp\/v2\/types\/page"}],"author":[{"embeddable":true,"href":"https:\/\/www.itm.nrw\/en\/wp-json\/wp\/v2\/users\/1"}],"replies":[{"embeddable":true,"href":"https:\/\/www.itm.nrw\/en\/wp-json\/wp\/v2\/comments?post=24679"}],"version-history":[{"count":0,"href":"https:\/\/www.itm.nrw\/en\/wp-json\/wp\/v2\/pages\/24679\/revisions"}],"up":[{"embeddable":true,"href":"https:\/\/www.itm.nrw\/en\/wp-json\/wp\/v2\/pages\/24637"}],"wp:featuredmedia":[{"embeddable":true,"href":"https:\/\/www.itm.nrw\/en\/wp-json\/wp\/v2\/media\/23694"}],"wp:attachment":[{"href":"https:\/\/www.itm.nrw\/en\/wp-json\/wp\/v2\/media?parent=24679"}],"curies":[{"name":"wp","href":"https:\/\/api.w.org\/{rel}","templated":true}]}}