{"id":24677,"date":"2023-10-01T14:37:44","date_gmt":"2023-10-01T12:37:44","guid":{"rendered":"https:\/\/www.itm.nrw\/projects\/completed-projects\/interaktive-medien-pisa\/"},"modified":"2023-10-01T14:37:44","modified_gmt":"2023-10-01T12:37:44","slug":"interaktive-medien-pisa","status":"publish","type":"page","link":"https:\/\/www.itm.nrw\/en\/research\/projects\/completed-projects\/interaktive-medien-pisa\/","title":{"rendered":"Interaktive Medien (PISA)"},"content":{"rendered":"<h1 class=\"page-title\">Interaktive Medien (PISA)<\/h1>\n<p><a href=\"http:\/\/www.uni-muenster.de\/Jura.itm\/intmed\/info.html\" target=\"_blank\" rel=\"noopener\">Interaktive Medien: PISA (Praxisnahes Immobiliarsachenrecht)<\/a> ist ein vom Ministerium f\u00fcr Wissenschaft und Forschung des Landes Nordrhein-Westfalen gef\u00f6rdertes Projekt zur Gestaltung eines interaktiven Lernmediums zum Immobiliarsachenrecht. Dieses multimedial ausgestaltete Lernsystem soll es dem Studierenden erm\u00f6glichen, am heimischen PC-Arbeitsplatz sein Wissen zu vertiefen und zu \u00fcben. Im Rahmen dieses Selbststudiums sollen Ort, Zeit und Geschwindigkeit des Lernprozesses in eigener Regie bestimmt werden k\u00f6nnen. Dabei werden neue Erkenntnisse aus der Lernpsychologie ber\u00fccksichtigt. Zus\u00e4tzlich wird eine allgemeine Entwicklungsumgebung f\u00fcr juristische Lernsoftware (EuLe) entwickelt. Sie soll es juristischen Lehrst\u00fchlen erm\u00f6glichen, ohne eigene Programmierungen hypermediale Lernsoftware f\u00fcr juristische Sachverhalte zu entwickeln.<\/p>\n","protected":false},"excerpt":{"rendered":"<p>Interaktive Medien (PISA) Interaktive Medien: PISA (Praxisnahes Immobiliarsachenrecht) ist ein vom Ministerium f\u00fcr Wissenschaft und Forschung des Landes Nordrhein-Westfalen gef\u00f6rdertes Projekt zur Gestaltung eines interaktiven Lernmediums zum Immobiliarsachenrecht. Dieses multimedial ausgestaltete Lernsystem soll es dem Studierenden erm\u00f6glichen, am heimischen PC-Arbeitsplatz sein Wissen zu vertiefen und zu \u00fcben. Im Rahmen dieses Selbststudiums sollen Ort, Zeit und [&#8230;]\n","protected":false},"author":1,"featured_media":23694,"parent":24637,"menu_order":0,"comment_status":"closed","ping_status":"closed","template":"page-transparent-header-light.php","meta":{"_acf_changed":false,"footnotes":""},"class_list":["post-24677","page","type-page","status-publish","has-post-thumbnail","hentry"],"acf":[],"_links":{"self":[{"href":"https:\/\/www.itm.nrw\/en\/wp-json\/wp\/v2\/pages\/24677","targetHints":{"allow":["GET"]}}],"collection":[{"href":"https:\/\/www.itm.nrw\/en\/wp-json\/wp\/v2\/pages"}],"about":[{"href":"https:\/\/www.itm.nrw\/en\/wp-json\/wp\/v2\/types\/page"}],"author":[{"embeddable":true,"href":"https:\/\/www.itm.nrw\/en\/wp-json\/wp\/v2\/users\/1"}],"replies":[{"embeddable":true,"href":"https:\/\/www.itm.nrw\/en\/wp-json\/wp\/v2\/comments?post=24677"}],"version-history":[{"count":0,"href":"https:\/\/www.itm.nrw\/en\/wp-json\/wp\/v2\/pages\/24677\/revisions"}],"up":[{"embeddable":true,"href":"https:\/\/www.itm.nrw\/en\/wp-json\/wp\/v2\/pages\/24637"}],"wp:featuredmedia":[{"embeddable":true,"href":"https:\/\/www.itm.nrw\/en\/wp-json\/wp\/v2\/media\/23694"}],"wp:attachment":[{"href":"https:\/\/www.itm.nrw\/en\/wp-json\/wp\/v2\/media?parent=24677"}],"curies":[{"name":"wp","href":"https:\/\/api.w.org\/{rel}","templated":true}]}}