{"id":24676,"date":"2023-10-01T14:21:12","date_gmt":"2023-10-01T12:21:12","guid":{"rendered":"https:\/\/www.itm.nrw\/projects\/completed-projects\/goal-governance-von-und-durch-algorithmen\/"},"modified":"2023-10-01T14:21:12","modified_gmt":"2023-10-01T12:21:12","slug":"goal-governance-von-und-durch-algorithmen","status":"publish","type":"page","link":"https:\/\/www.itm.nrw\/en\/research\/projects\/completed-projects\/goal-governance-von-und-durch-algorithmen\/","title":{"rendered":"GOAL (Governance von und durch Algorithmen)"},"content":{"rendered":"<h1 class=\"page-title\">GOAL (Governance von und durch Algorithmen)<\/h1>\n<p>GOAL (Governance von und durch Algorithmen) ist ein vom BMBF gef\u00f6rdertes interdisziplin\u00e4res Projekt im Bereich Algorithmen und KI, das vom ITM und dem Karlsruher Institut f\u00fcr Technikfolgenabsch\u00e4tzung und Systemanalyse (ITAS) (<a href=\"https:\/\/www.itas.kit.edu\/\">https:\/\/www.itas.kit.edu\/<\/a>) gesch\u00e4ftsf\u00fchrend betreut wird. Weitere Partner sind die Technische Universit\u00e4t Kaiserslautern (<a href=\"http:\/\/aalab.informatik.uni-kl.de\/\">http:\/\/aalab.informatik.uni-kl.de\/<\/a>), die Universit\u00e4t Hamburg (<a href=\"https:\/\/www.inf.uni-hamburg.de\/en\/inst\/ab\/eit.html\">https:\/\/www.inf.uni-hamburg.de\/en\/inst\/ab\/eit.html<\/a>) sowie die Ruhr-Universit\u00e4t Bochum (<a href=\"https:\/\/www.ruhr-uni-bochum.de\/mak\/index.html.de\">https:\/\/www.ruhr-uni-bochum.de\/mak\/index.html.de<\/a>).<\/p>\n<p>Gegenstand des Projekts ist die Governance von und durch Algorithmen. Zum einen wird untersucht, wie die Governance von risikobehafteten Algorithmen gestaltet werden kann. Zum anderen wird erforscht, wie Algorithmen selbst Governancefunktionen aus\u00fcben und dadurch Bestandteil der Governance zur Risikominderung von Algorithmen werden k\u00f6nnen. Der Fokus ist daher auf Algorithmen, deren verhaltenssteuernde und regulative Wirkungen, ihre gesellschaftlichen Konsequenzen und Nebenwirkungen sowie auf diesbez\u00fcgliche Handlungsbedarfe und -optionen zur Gestaltung von umfassenden Governancestrukturen gerichtet.<\/p>\n<p>Das im September 2019 begonnene Projekt erstreckt sich \u00fcber eine Laufzeit von 24 Monaten.<\/p>\n<p>Weitere Kurzinfos finden sich im Video von Yannick Borutta (ITM) bei <a href=\"https:\/\/www.youtube.com\/watch?v=vGMOdcmqbZU\">Youtube<\/a>.<\/p>\n","protected":false},"excerpt":{"rendered":"<p>GOAL (Governance von und durch Algorithmen) GOAL (Governance von und durch Algorithmen) ist ein vom BMBF gef\u00f6rdertes interdisziplin\u00e4res Projekt im Bereich Algorithmen und KI, das vom ITM und dem Karlsruher Institut f\u00fcr Technikfolgenabsch\u00e4tzung und Systemanalyse (ITAS) (https:\/\/www.itas.kit.edu\/) gesch\u00e4ftsf\u00fchrend betreut wird. Weitere Partner sind die Technische Universit\u00e4t Kaiserslautern (http:\/\/aalab.informatik.uni-kl.de\/), die Universit\u00e4t Hamburg (https:\/\/www.inf.uni-hamburg.de\/en\/inst\/ab\/eit.html) sowie die Ruhr-Universit\u00e4t [&#8230;]\n","protected":false},"author":1,"featured_media":23694,"parent":24637,"menu_order":0,"comment_status":"closed","ping_status":"closed","template":"page-transparent-header-light.php","meta":{"_acf_changed":false,"footnotes":""},"class_list":["post-24676","page","type-page","status-publish","has-post-thumbnail","hentry"],"acf":[],"_links":{"self":[{"href":"https:\/\/www.itm.nrw\/en\/wp-json\/wp\/v2\/pages\/24676","targetHints":{"allow":["GET"]}}],"collection":[{"href":"https:\/\/www.itm.nrw\/en\/wp-json\/wp\/v2\/pages"}],"about":[{"href":"https:\/\/www.itm.nrw\/en\/wp-json\/wp\/v2\/types\/page"}],"author":[{"embeddable":true,"href":"https:\/\/www.itm.nrw\/en\/wp-json\/wp\/v2\/users\/1"}],"replies":[{"embeddable":true,"href":"https:\/\/www.itm.nrw\/en\/wp-json\/wp\/v2\/comments?post=24676"}],"version-history":[{"count":0,"href":"https:\/\/www.itm.nrw\/en\/wp-json\/wp\/v2\/pages\/24676\/revisions"}],"up":[{"embeddable":true,"href":"https:\/\/www.itm.nrw\/en\/wp-json\/wp\/v2\/pages\/24637"}],"wp:featuredmedia":[{"embeddable":true,"href":"https:\/\/www.itm.nrw\/en\/wp-json\/wp\/v2\/media\/23694"}],"wp:attachment":[{"href":"https:\/\/www.itm.nrw\/en\/wp-json\/wp\/v2\/media?parent=24676"}],"curies":[{"name":"wp","href":"https:\/\/api.w.org\/{rel}","templated":true}]}}