{"id":24673,"date":"2023-10-01T14:36:22","date_gmt":"2023-10-01T12:36:22","guid":{"rendered":"https:\/\/www.itm.nrw\/projects\/completed-projects\/eu-history-info\/"},"modified":"2023-12-21T12:36:17","modified_gmt":"2023-12-21T11:36:17","slug":"eu-history-info","status":"publish","type":"page","link":"https:\/\/www.itm.nrw\/en\/research\/projects\/completed-projects\/eu-history-info\/","title":{"rendered":"EU-History.info"},"content":{"rendered":"<h1 class=\"page-title\">EU-History.info<\/h1>\n<p>Durch die Website www.eu-history.info schlie\u00dft sich eine rechtshistorische L\u00fccke. Erstmals sind detaillierte Dokumente zur Entstehung der Europ\u00e4ischen Gemeinschaft, des Gerichtswesens der EG und des Kartellrechts in einer zusammengefassten und redaktionell bearbeiteten Form online frei abrufbar. Insbesondere historisch bzw. rechtshistorisch Interessierte finden dort eine einzigartige Zusammenstellung von Vorentw\u00fcrfen, Protokollen, Memoranden, Briefen und vielen weiteren Dokumenten, die insgesamt in der Lage sind, ein wirklichkeitsnahes Bild der Geschichte des Europ\u00e4ischen Gemeinschaftsrechts zu zeichnen. Bei den Dokumenten handelt es sich um Archivmaterial aus Paris, Koblenz, Br\u00fcssel, Lausanne und Florenz, das bisher wegen der drei\u00dfigj\u00e4hrigen Sperrfirst gr\u00f6\u00dftenteils unver\u00f6ffentlicht war. Kurze Begleittexte und eine Suchfunktion helfen den Besuchern der Website, sich zu orientieren und einen kurzen \u00dcberblick \u00fcber die Geschichte der Entstehung zu erhalten, aber auch gezielt nach einzelnen Dokumenten zu suchen. Die Website ist die elektronische Umsetzung der in der B\u00fccherreihe \u201eDokumente zum Europ\u00e4ischen Recht\u201c enthaltenen Dokumente (hrsg. v. Reiner Schulze\/Thomas Hoeren, Springer Verlag 1999) \u00fcber die Arbeiten zur Gr\u00fcndung der ersten Europ\u00e4ischen Gemeinschaften. Weitere Informationen zu dem Projekt finden Sie unter<br \/>\nhttp:\/\/www.eu-history.info<\/p>\n","protected":false},"excerpt":{"rendered":"<p>EU-History.info Durch die Website www.eu-history.info schlie\u00dft sich eine rechtshistorische L\u00fccke. Erstmals sind detaillierte Dokumente zur Entstehung der Europ\u00e4ischen Gemeinschaft, des Gerichtswesens der EG und des Kartellrechts in einer zusammengefassten und redaktionell bearbeiteten Form online frei abrufbar. Insbesondere historisch bzw. rechtshistorisch Interessierte finden dort eine einzigartige Zusammenstellung von Vorentw\u00fcrfen, Protokollen, Memoranden, Briefen und vielen weiteren Dokumenten, [&#8230;]\n","protected":false},"author":1,"featured_media":23694,"parent":24637,"menu_order":0,"comment_status":"closed","ping_status":"closed","template":"page-transparent-header-light.php","meta":{"_acf_changed":false,"footnotes":""},"class_list":["post-24673","page","type-page","status-publish","has-post-thumbnail","hentry"],"acf":[],"_links":{"self":[{"href":"https:\/\/www.itm.nrw\/en\/wp-json\/wp\/v2\/pages\/24673","targetHints":{"allow":["GET"]}}],"collection":[{"href":"https:\/\/www.itm.nrw\/en\/wp-json\/wp\/v2\/pages"}],"about":[{"href":"https:\/\/www.itm.nrw\/en\/wp-json\/wp\/v2\/types\/page"}],"author":[{"embeddable":true,"href":"https:\/\/www.itm.nrw\/en\/wp-json\/wp\/v2\/users\/1"}],"replies":[{"embeddable":true,"href":"https:\/\/www.itm.nrw\/en\/wp-json\/wp\/v2\/comments?post=24673"}],"version-history":[{"count":1,"href":"https:\/\/www.itm.nrw\/en\/wp-json\/wp\/v2\/pages\/24673\/revisions"}],"predecessor-version":[{"id":26385,"href":"https:\/\/www.itm.nrw\/en\/wp-json\/wp\/v2\/pages\/24673\/revisions\/26385"}],"up":[{"embeddable":true,"href":"https:\/\/www.itm.nrw\/en\/wp-json\/wp\/v2\/pages\/24637"}],"wp:featuredmedia":[{"embeddable":true,"href":"https:\/\/www.itm.nrw\/en\/wp-json\/wp\/v2\/media\/23694"}],"wp:attachment":[{"href":"https:\/\/www.itm.nrw\/en\/wp-json\/wp\/v2\/media?parent=24673"}],"curies":[{"name":"wp","href":"https:\/\/api.w.org\/{rel}","templated":true}]}}