{"id":24671,"date":"2023-10-01T14:30:46","date_gmt":"2023-10-01T12:30:46","guid":{"rendered":"https:\/\/www.itm.nrw\/projects\/completed-projects\/consent\/"},"modified":"2023-10-01T14:30:46","modified_gmt":"2023-10-01T12:30:46","slug":"consent","status":"publish","type":"page","link":"https:\/\/www.itm.nrw\/en\/research\/projects\/completed-projects\/consent\/","title":{"rendered":"CONSENT"},"content":{"rendered":"<h1 class=\"page-title\">CONSENT<\/h1>\n<p>Das Projekt CONSENT (Consumer sentiment regarding privacy on user generated content services in the digital economy) ist ein von der EU Kommission gef\u00f6rdertes mittelgro\u00dfes Forschungsprojekt von interdisziplin\u00e4ren Instituten, Forschungszentren, Universit\u00e4ten und NGOs aus 13 L\u00e4ndern der Europ\u00e4ischen Union. CONSENT hat die Zielsetzung das Konsumklima hinsichtlich der Privatsph\u00e4re bei Benutzern von Onlinediensten mit nutzergenerierten Inhalten (user-generated content services) wie zum Beispiel Facebook, Youtube oder MySpace zu untersuchen. Es geht dabei insbesondere um die Frage, wie das Verbraucherverhalten und die Praktiken der Wirtschaft die Bedeutung der Einwilligung in Bezug auf die Verarbeitung von Personendaten ver\u00e4ndern und ob aufgrund dessen der Verbraucher nun (un)freiwillig sein Recht auf Privatsph\u00e4re aufgibt. Das Team von CONSENT \u2013 bestehend aus 19 Partnern \u2013 f\u00fchrt eine Status-quo-Analyse \u00fcber die Wirtschaftspraktiken, die Rechtslage und das Verbraucherverhalten durch, stellt Fairness-Kriterien auf und entwickelt den bestm\u00f6glichen praktischen Ansatz f\u00fcr Verbraucher und UGC-Onlineanbieter. Dar\u00fcber hinaus wird ein Werkzeugkasten f\u00fcr die Politik und Rechtsabteilungen entwickelt, um den bestm\u00f6glichen Ansatz auf der Basis der bereits entwickelten Fairness-Kriterien zu verwirklichen und zu f\u00f6rdern. Das Projekt begann im Mai 2010 und endet im M\u00e4rz 2013.<\/p>\n","protected":false},"excerpt":{"rendered":"<p>CONSENT Das Projekt CONSENT (Consumer sentiment regarding privacy on user generated content services in the digital economy) ist ein von der EU Kommission gef\u00f6rdertes mittelgro\u00dfes Forschungsprojekt von interdisziplin\u00e4ren Instituten, Forschungszentren, Universit\u00e4ten und NGOs aus 13 L\u00e4ndern der Europ\u00e4ischen Union. CONSENT hat die Zielsetzung das Konsumklima hinsichtlich der Privatsph\u00e4re bei Benutzern von Onlinediensten mit nutzergenerierten Inhalten [&#8230;]\n","protected":false},"author":1,"featured_media":23694,"parent":24637,"menu_order":0,"comment_status":"closed","ping_status":"closed","template":"page-transparent-header-light.php","meta":{"_acf_changed":false,"footnotes":""},"class_list":["post-24671","page","type-page","status-publish","has-post-thumbnail","hentry"],"acf":[],"_links":{"self":[{"href":"https:\/\/www.itm.nrw\/en\/wp-json\/wp\/v2\/pages\/24671","targetHints":{"allow":["GET"]}}],"collection":[{"href":"https:\/\/www.itm.nrw\/en\/wp-json\/wp\/v2\/pages"}],"about":[{"href":"https:\/\/www.itm.nrw\/en\/wp-json\/wp\/v2\/types\/page"}],"author":[{"embeddable":true,"href":"https:\/\/www.itm.nrw\/en\/wp-json\/wp\/v2\/users\/1"}],"replies":[{"embeddable":true,"href":"https:\/\/www.itm.nrw\/en\/wp-json\/wp\/v2\/comments?post=24671"}],"version-history":[{"count":0,"href":"https:\/\/www.itm.nrw\/en\/wp-json\/wp\/v2\/pages\/24671\/revisions"}],"up":[{"embeddable":true,"href":"https:\/\/www.itm.nrw\/en\/wp-json\/wp\/v2\/pages\/24637"}],"wp:featuredmedia":[{"embeddable":true,"href":"https:\/\/www.itm.nrw\/en\/wp-json\/wp\/v2\/media\/23694"}],"wp:attachment":[{"href":"https:\/\/www.itm.nrw\/en\/wp-json\/wp\/v2\/media?parent=24671"}],"curies":[{"name":"wp","href":"https:\/\/api.w.org\/{rel}","templated":true}]}}