{"id":24644,"date":"2023-10-05T11:59:04","date_gmt":"2023-10-05T09:59:04","guid":{"rendered":"https:\/\/www.itm.nrw\/erasmus\/"},"modified":"2023-12-21T13:03:04","modified_gmt":"2023-12-21T12:03:04","slug":"erasmus","status":"publish","type":"page","link":"https:\/\/www.itm.nrw\/en\/erasmus\/","title":{"rendered":"Erasmus"},"content":{"rendered":"<header class=\"article-header\">\n<h1>Erasmus<\/h1>\n<p>&nbsp;<\/p>\n<\/header>\n<h2>Erasmus contact person<\/h2>\n<p>Philip Mayer<a href=\"mailto:philip.mayer@uni-muenster.de\">(philip.mayer@uni-muenster.de)<\/a><\/p>\n<h2>General information<\/h2>\n<p>The ITM currently cooperates with 12 European universities, most of which offer outstanding media law courses and are therefore of particular (but not exclusive) interest to students specializing in ITM. In consultation with the Examination Office and in case of doubt with Prof. Hoeren (contact person: <a href=\"https:\/\/www.itm.nrw\/mitarbeiter-itm\/wissenschaftl-mitarbeiter\/philip-mayer\/\">Philip Mayer<\/a>), examinations can be credited to the major as an elective or basic subject, provided that equivalent courses are offered abroad in the respective semester (depending on the individual case). When allocating places, preference is given to law students over other subjects and students who wish to stay abroad for 2 semesters over those who only wish to stay for 1 semester (although a stay of 1 semester is perfectly possible at all universities, see below).<\/p>\n<p>An application is only possible within the framework of the central procedures of the Study Information Center. The deadlines must be observed.<br \/>\nAs a rule, the following documents must be submitted:<\/p>\n<p>1. the cover sheet with details of your desired universities <strong>and the desired period<\/strong><br \/>\n2. cover letter with a letter of motivation that refers to each request<br \/>\n3. tabular curriculum vitae with photo<br \/>\n4. simple copy of the school leaving certificate<br \/>\n5. certificate of previous academic achievements (WiLMa printout)<br \/>\n6. language certificates\/language certificates confirming your knowledge of the respective language of instruction at your desired universities<\/p>\n<p>Further information on the formalities of the application can be found on the pages of the International Office and the <a href=\"https:\/\/www.jura.uni-muenster.de\/de\/international\/auslandsstudium-fuer-jurastudierende\/bewerbung\/\">Faculty<\/a>. A <a href=\"http:\/\/www.uni-muenster.de\/imperia\/md\/content\/wwu\/auslandsamt\/pdf\/incoming\/erasmus\/infoerasmuskoord_b1_bescheinigungen.pdf\">language certificate<\/a> of at least B1 level in the respective language of instruction is required. Some partner universities have different requirements (see overview below). If courses are offered in different languages, proof in one of the languages is sufficient (apart from explicit exceptions).<\/p>\n<p><strong> <\/strong><\/p>\n<h2>Erasmus partnerships of the ITM<\/h2>\n<ul>\n<li><strong>Universitat des Illes Baleares, Palma, Spain<\/strong><\/li>\n<\/ul>\n<p>3\u00d79\/6\u00d74 places &#8211; Courses in Spanish, Catalan and English, level A2 in one of the languages required &#8211; Semester: September to January, February to July &#8211; <a href=\"http:\/\/www.uib.cat\/\">http:\/\/www.uib.cat\/<\/a><\/p>\n<p><a href=\"https:\/\/www.itm.nrw\/wp-content\/uploads\/Palma3.pdf\">Experience report 2017<\/a><\/p>\n<p><a href=\"https:\/\/www.itm.nrw\/wp-content\/uploads\/Palma_WS2122.pdf\">Experience report 2022<\/a><\/p>\n<ul>\n<li><strong>University of Lisbon, Portugal<\/strong><\/li>\n<\/ul>\n<p>2\u00d710\/4\u00d75 places &#8211; Courses in Portuguese and <a href=\"http:\/\/www.fd.ulisboa.pt\/courses\/international-programmes\/english-taught-courses\/\">English<\/a> &#8211; Semester: March to September (June and August free), October to February &#8211; Capital of Portugal on the western Atlantic coast, 500,000 inhabitants, most affluent region of Portugal &#8211; <a href=\"http:\/\/www.ul.pt\">www.ul.pt<\/a> &#8211; English-language courses: <a href=\"http:\/\/www.fd.ulisboa.pt\/courses\/international-programmes\/english-taught-courses\/\">http:\/\/www.fd.ulisboa.pt\/courses\/international-programmes\/english-taught-courses\/<\/a><\/p>\n<p><a href=\"https:\/\/www.itm.nrw\/wp-content\/uploads\/Lissabon_WS1920.pdf\">Field report 2020<\/a><\/p>\n<ul>\n<li><strong>University of Lapland, Rovaniemi, Finland<\/strong><\/li>\n<\/ul>\n<p>2\u00d710\/4\u00d75 places &#8211; many courses in English, some in Finnish &#8211; semester: beginning of January to end of July, &#8211; beginning of August to end of December &#8211; northernmost university in the EU, located on the Arctic Circle (in the north of Finland, province of Lapland) &#8211; Rovaniemi is home to the Santa Claus post office and is the largest city in Europe, 50,000 inhabitants, around 5,000 students &#8211;  <a href=\"http:\/\/ulapland.fi\">www.ulapland.fi  <\/a><\/p>\n<p><a href=\"http:\/\/www.uni-muenster.de\/Jura.itm\/hoeren\/itm\/wp-content\/uploads\/ULapland-Institutional-Fact-Sheet-2015-2016.pdf\">Information brochure of the partner university<\/a><\/p>\n<p><a href=\"http:\/\/www.uni-muenster.de\/Jura.itm\/hoeren\/itm\/wp-content\/uploads\/Erfahrungsbericht-Rovaniemi-WS-2011.pdf\">Field report<\/a><\/p>\n<ul>\n<li><strong>University of Oslo, Norway<\/strong><\/li>\n<\/ul>\n<p>2\u00d710\/4\u00d75 places &#8211; many law courses in English (B2 required) &#8211; semester: early January to mid-June, &#8211; early August to mid-December &#8211; capital in south-east Norway, directly on the fjord, 560,000 inhabitants &#8211; largest university in the country (30,000 students) &#8211; <a href=\"http:\/\/www.uio.no\">www.uio.no<\/a><\/p>\n<p><a href=\"https:\/\/www.itm.nrw\/wp-content\/uploads\/Oslo_WS1920.pdf\">Field report 2020<\/a><\/p>\n<ul>\n<li><strong>University of Bergen, Norway<\/strong><\/li>\n<\/ul>\n<p>3\u00d710\/6\u00d75 places &#8211; Courses in Norwegian and English &#8211; Semester: January to June and August to December<a href=\"http:\/\/www.uib.no\/en\/student\/49211\/semester-dates#\">(http:\/\/www.uib.no\/en\/student\/49211\/semester-dates#)<\/a>&#8211; Norway&#8217;s second largest city with around 272,600 inhabitants, port city on the west coast with a picturesque cityscape and well-known cultural landscape, university with around 14,000 students &#8211; <a href=\"http:\/\/www.uib.no\/en\">http:\/\/www.uib.no\/en<\/a><\/p>\n<p><a href=\"http:\/\/www.uni-muenster.de\/Jura.itm\/hoeren\/itm\/wp-content\/uploads\/Partnerinfo_BERGEN_Faculty-of-Law_2017-2018.pdf\">Information from the partner university, status 2017\/2018<\/a><\/p>\n<p><a href=\"https:\/\/www.itm.nrw\/wp-content\/uploads\/Bergen_WS22.pdf\">Experience report 2022<\/a><\/p>\n<p><a href=\"https:\/\/www.itm.nrw\/wp-content\/uploads\/Bergen_WS1617.pdf\">Experience report 2017<\/a><\/p>\n<ul>\n<li><strong>University of Akureyri, Iceland  <\/strong><\/li>\n<\/ul>\n<p>2\u00d79 places &#8211; semesters: January to May and August to December &#8211; relatively small courses (1,400 students) with good opportunities for personal contact &#8211; lectures in both English and Icelandic (intensive language courses possible) Course catalog:  <a href=\"https:\/\/ugla.unak.is\/kennsluskra\/index.php?tab=nam&amp;chapter=leit&amp;kennsluar=2016&amp;kennslutungumal=7&amp;adeins_kenndnamskeid=on&amp;senda=senda\">https:\/\/ugla.unak.is\/kennsluskra\/index.php?tab=nam&amp;chapter=leit&amp;kennsluar=2016&amp;kennslutungumal=7&amp;adeins_kenndnamskeid=on&amp;senda=senda<\/a> &#8211; Master&#8217;s program in &#8220;Polar Law&#8221; &#8211; port city with the largest service center in the north of the country (17,500 inhabitants) near the Arctic Circle &#8211;  <a href=\"http:\/\/www.unak.is\">www.unak.is<\/a><\/p>\n<p><a href=\"http:\/\/www.uni-muenster.de\/Jura.itm\/hoeren\/itm\/wp-content\/uploads\/Erfahrungsbericht-Akureyri-SoSe-2017.pdf\">Experience report 2017<\/a><\/p>\n<p><a href=\"https:\/\/ichinisland.wordpress.com\/\">Detailed blog 2017<\/a><\/p>\n<ul>\n<li><strong>Aalborg University (\u00c5lborg), Denmark<\/strong><\/li>\n<\/ul>\n<p>2\u00d76 places &#8211; Courses in Danish and English &#8211; There are special language qualification requirements for Aalborg! If no proof of knowledge of Danish is provided, the B2 level in English must either be explicitly stated on a school-leaving certificate translated into English or one of the language tests listed on the homepage of the partner university(http:\/\/www.en.aau.dk\/education\/apply\/guest-exchange) must be presented. If none of the requirements are met, an application that demonstrates B2 level in another way can still be successful; a corresponding test must then be taken in good time. Applications that meet the formal requirements will of course be given preference.<\/p>\n<p>Aalborg is located in the north of Jutland and is the fourth largest city in Denmark. The university has a strong international focus and offers a broad international law program in English: http:\/\/www.en.aau.dk\/education\/guest-exchange\/international-law-programme\/. A large research network on IP law also occasionally offers seminars on this area, which is well suited to the ITM focus area. Semester: February &#8211; June and July to January(http:\/\/www.newstudents.aau.dk\/postgraduate\/aalborg\/general-information)- <a href=\"http:\/\/www.en.aau.dk\/\">http:\/\/www.en.aau.dk\/.<\/a><\/p>\n<p><a href=\"https:\/\/www.itm.nrw\/wp-content\/uploads\/Aalborg_WS1920.pdf\">Field report 2020<\/a><\/p>\n<ul>\n<li><strong>Link\u00f6ping University<\/strong><\/li>\n<\/ul>\n<p>2\u00d712\/4\u00d76 places &#8211; Business Law degree program with courses in English and Swedish, language level depending on courses (see catalog link below), but at least B1; Link\u00f6ping is located in the southeast of Sweden in the province of \u00d6sterg\u00f6tlands l\u00e4n. The university is one of the most important universities in Sweden &#8211; the course offers English lectures on Intellectual Property Law, among other subjects &#8211; Semester: mid-August to mid-January and mid-January to mid-June &#8211; Information: https:\/\/old.liu.se\/utbildning\/exchange-students\/study-information?l=en, course catalog: <a href=\"https:\/\/liu.se\/en\/education\/exchange-studies\">https:\/\/liu.se\/en\/education\/exchange-studies.<\/a><\/p>\n<p><a href=\"https:\/\/www.itm.nrw\/wp-content\/uploads\/Linkoeping_WS2223.pdf\">Experience report 2023<\/a><\/p>\n<p><a href=\"https:\/\/www.itm.nrw\/wp-content\/uploads\/Linkoeping_WS1718.pdf\">Field report 2018<\/a><\/p>\n<ul>\n<li><strong>Ivane Javakhishvili Tbilisi State University, Tbilisi\/Tbilisi, Georgia<\/strong><\/li>\n<\/ul>\n<p>2\u00d79\/4\u00d74 places &#8211; Courses in English and Georgian &#8211; Semester: September to February; March to July &#8211; English level B2 required &#8211; Capital and most populous city of Georgia &#8211; <a href=\"https:\/\/newvision.ge\/eng\/structure\/\">https:\/\/newvision.ge\/eng\/structure\/<\/a><\/p>\n<ul>\n<li><strong>New Vision University, Tbilisi, Georgia<\/strong><\/li>\n<\/ul>\n<p>2\u00d79\/4\u00d74 places &#8211; Courses in English and Georgian &#8211; Semester: September to February; March to July &#8211; English level B2 required &#8211; Capital and most populous city of Georgia &#8211; <a href=\"https:\/\/www.tsu.ge\/en\">https:\/\/www.tsu.ge\/en<\/a><\/p>\n<p><a href=\"https:\/\/www.itm.nrw\/wp-content\/uploads\/Tbilisi_WS2122.pdf\">Experience report 2022<\/a><\/p>\n<ul>\n<li><strong>Technological University Dublin, Ireland<\/strong><\/li>\n<\/ul>\n<p>2\u00d79 places, start only possible in the winter semester &#8211; Semester: September to January; February to August &#8211; English level B2 required &#8211; <a href=\"https:\/\/www.tudublin.ie\/\">https:\/\/www.tudublin.ie\/<\/a><\/p>\n<p><a href=\"https:\/\/www.itm.nrw\/wp-content\/uploads\/Dublin_WS2223.pdf\">Experience report 2023<\/a><\/p>\n","protected":false},"excerpt":{"rendered":"<p>Erasmus &nbsp; Erasmus contact person Philip Mayer(philip.mayer@uni-muenster.de) General information The ITM currently cooperates with 12 European universities, most of which offer outstanding media law courses and are therefore of particular (but not exclusive) interest to students specializing in ITM. In consultation with the Examination Office and in case of doubt with Prof. Hoeren (contact person: [&#8230;]\n","protected":false},"author":1,"featured_media":23693,"parent":0,"menu_order":10,"comment_status":"closed","ping_status":"closed","template":"page-transparent-header-light.php","meta":{"_acf_changed":false,"footnotes":""},"class_list":["post-24644","page","type-page","status-publish","has-post-thumbnail","hentry"],"acf":[],"_links":{"self":[{"href":"https:\/\/www.itm.nrw\/en\/wp-json\/wp\/v2\/pages\/24644","targetHints":{"allow":["GET"]}}],"collection":[{"href":"https:\/\/www.itm.nrw\/en\/wp-json\/wp\/v2\/pages"}],"about":[{"href":"https:\/\/www.itm.nrw\/en\/wp-json\/wp\/v2\/types\/page"}],"author":[{"embeddable":true,"href":"https:\/\/www.itm.nrw\/en\/wp-json\/wp\/v2\/users\/1"}],"replies":[{"embeddable":true,"href":"https:\/\/www.itm.nrw\/en\/wp-json\/wp\/v2\/comments?post=24644"}],"version-history":[{"count":5,"href":"https:\/\/www.itm.nrw\/en\/wp-json\/wp\/v2\/pages\/24644\/revisions"}],"predecessor-version":[{"id":26468,"href":"https:\/\/www.itm.nrw\/en\/wp-json\/wp\/v2\/pages\/24644\/revisions\/26468"}],"wp:featuredmedia":[{"embeddable":true,"href":"https:\/\/www.itm.nrw\/en\/wp-json\/wp\/v2\/media\/23693"}],"wp:attachment":[{"href":"https:\/\/www.itm.nrw\/en\/wp-json\/wp\/v2\/media?parent=24644"}],"curies":[{"name":"wp","href":"https:\/\/api.w.org\/{rel}","templated":true}]}}